{"id":5010,"date":"2023-10-31T19:01:44","date_gmt":"2023-10-31T13:01:44","guid":{"rendered":"https:\/\/upward-coffee.com\/?page_id=5010"},"modified":"2025-10-11T07:58:37","modified_gmt":"2025-10-11T01:58:37","slug":"servicio-de-cafe","status":"publish","type":"page","link":"https:\/\/upward-coffee.com\/en\/servicio-de-cafe\/","title":{"rendered":"Servicio de Caf\u00e9"},"content":{"rendered":"<div data-elementor-type=\"wp-page\" data-elementor-id=\"5010\" class=\"elementor elementor-5010\">\n\t\t\t\t\t\t<section class=\"elementor-section elementor-top-section elementor-element elementor-element-320cb19 elementor-section-boxed elementor-section-gap-beside-yes elementor-section-height-default elementor-section-height-default elementor-section-column-vertical-align-stretch\" data-id=\"320cb19\" data-element_type=\"section\">\n\t\t\t\t\t\t<div class=\"elementor-container elementor-column-gap-extended\">\n\t\t\t\t\t<div class=\"elementor-column elementor-col-100 elementor-top-column elementor-element elementor-element-410a2533\" data-id=\"410a2533\" data-element_type=\"column\">\n\t\t\t<div class=\"elementor-widget-wrap elementor-element-populated\">\n\t\t\t\t\t\t<div class=\"elementor-element elementor-element-5a36ae78 elementor-invisible elementor-widget elementor-widget-tm-heading\" data-id=\"5a36ae78\" data-element_type=\"widget\" data-settings=\"{&quot;_animation&quot;:&quot;tmFadeInUp&quot;}\" data-widget_type=\"tm-heading.default\">\n\t\t\t\t<div class=\"elementor-widget-container\">\n\t\t\t\t\t\t\t<div class=\"tm-modern-heading tm-modern-heading--style-01\">\n\t\t\t\n\t\t\t\t\t<div class=\"heading-primary-wrap\">\n\t\t\t<h2 class=\"heading-primary elementor-heading-title\">\u00a1Mezcla de caf\u00e9 premium, mejora la productividad!<\/h2>\t\t<\/div>\n\t\t\n\t\t\t\n\t\t\t\t\t<\/div>\n\t\t\t\t\t\t<\/div>\n\t\t\t\t<\/div>\n\t\t\t\t\t<\/div>\n\t\t<\/div>\n\t\t\t\t\t<\/div>\n\t\t<\/section>\n\t\t<div class=\"elementor-element elementor-element-fb1e964 e-flex e-con-boxed e-con e-parent\" data-id=\"fb1e964\" data-element_type=\"container\">\n\t\t\t\t\t<div class=\"e-con-inner\">\n\t\t\t\t\t<\/div>\n\t\t\t\t<\/div>\n\t\t\t\t<section class=\"elementor-section elementor-top-section elementor-element elementor-element-7328d753 elementor-section-boxed elementor-section-gap-beside-yes elementor-section-height-default elementor-section-height-default elementor-section-column-vertical-align-stretch\" data-id=\"7328d753\" data-element_type=\"section\">\n\t\t\t\t\t\t<div class=\"elementor-container elementor-column-gap-extended\">\n\t\t\t\t\t<div class=\"elementor-column elementor-col-50 elementor-top-column elementor-element elementor-element-3bede3a0\" data-id=\"3bede3a0\" data-element_type=\"column\">\n\t\t\t<div class=\"elementor-widget-wrap elementor-element-populated\">\n\t\t\t\t\t\t<div class=\"elementor-element elementor-element-17ecb71 elementor-widget__width-inherit elementor-invisible elementor-widget elementor-widget-image\" data-id=\"17ecb71\" data-element_type=\"widget\" data-settings=\"{&quot;_animation&quot;:&quot;tmFadeInUp&quot;}\" data-widget_type=\"image.default\">\n\t\t\t\t<div class=\"elementor-widget-container\">\n\t\t\t\t\t\t\t\t\t\t\t\t\t\t\t<img fetchpriority=\"high\" decoding=\"async\" width=\"1024\" height=\"547\" src=\"https:\/\/upward-coffee.com\/wp-content\/uploads\/2023\/10\/maquina-cafe-1-e1698765940683.webp\" class=\"attachment-full size-full wp-image-4322\" alt=\"\" \/>\t\t\t\t\t\t\t\t\t\t\t\t\t\t\t<\/div>\n\t\t\t\t<\/div>\n\t\t\t\t\t<\/div>\n\t\t<\/div>\n\t\t\t\t<div class=\"elementor-column elementor-col-50 elementor-top-column elementor-element elementor-element-45f22f85\" data-id=\"45f22f85\" data-element_type=\"column\">\n\t\t\t<div class=\"elementor-widget-wrap elementor-element-populated\">\n\t\t\t\t\t\t<div class=\"elementor-element elementor-element-721f6147 elementor-invisible elementor-widget elementor-widget-tm-heading\" data-id=\"721f6147\" data-element_type=\"widget\" data-settings=\"{&quot;_animation&quot;:&quot;tmFadeInUp&quot;}\" data-widget_type=\"tm-heading.default\">\n\t\t\t\t<div class=\"elementor-widget-container\">\n\t\t\t\t\t\t\t<div class=\"tm-modern-heading tm-modern-heading--style-01\">\n\t\t\t\t\t<div class=\"heading-secondary-wrap\">\n\t\t\t<h4 class=\"heading-secondary elementor-heading-title\">Caf\u00e9 de verdad \u2013 Eleva tu Vitalidad!<\/h4>\t\t<\/div>\n\t\t\n\t\t\t\t\t<div class=\"heading-primary-wrap\">\n\t\t\t<h2 class=\"heading-primary elementor-heading-title\">Servicio de CafE para tu negocio<\/h2>\t\t<\/div>\n\t\t\n\t\t\t\n\t\t\t\t\t<div class=\"heading-description-wrap\">\n\t\t\t<div class=\"heading-description\">\n\t\t\t\t<p data-sourcepos=\"21:3-21:182\">Instalamos una cafetera en su negocio y le proporcionamos caf\u00e9 molido. Se programa seg\u00fan las necesidades de su empresa y el gusto de quienes consumen caf\u00e9.<\/p><p>La cafetera es prestada, es decir, es nuestra, pero est\u00e1 en su oficina para poder brindarle nuestro servicio, por lo que no tiene que invertir en ella.<\/p>\t\t\t<\/div>\n\t\t<\/div>\n\t\t\t\t<\/div>\n\t\t\t\t\t\t<\/div>\n\t\t\t\t<\/div>\n\t\t\t\t\t<\/div>\n\t\t<\/div>\n\t\t\t\t\t<\/div>\n\t\t<\/section>\n\t\t\t\t<section class=\"elementor-section elementor-top-section elementor-element elementor-element-4a061b7a elementor-section-boxed elementor-section-gap-beside-yes elementor-section-height-default elementor-section-height-default elementor-section-column-vertical-align-stretch\" data-id=\"4a061b7a\" data-element_type=\"section\" data-settings=\"{&quot;background_background&quot;:&quot;classic&quot;}\">\n\t\t\t\t\t\t<div class=\"elementor-container elementor-column-gap-extended\">\n\t\t\t\t\t<div class=\"elementor-column elementor-col-25 elementor-top-column elementor-element elementor-element-3eef2749\" data-id=\"3eef2749\" data-element_type=\"column\">\n\t\t\t<div class=\"elementor-widget-wrap elementor-element-populated\">\n\t\t\t\t\t\t<div class=\"elementor-element elementor-element-f392969 elementor-position-top elementor-widget elementor-widget-image-box\" data-id=\"f392969\" data-element_type=\"widget\" data-widget_type=\"image-box.default\">\n\t\t\t\t<div class=\"elementor-widget-container\">\n\t\t\t\t\t<div class=\"elementor-image-box-wrapper\"><figure class=\"elementor-image-box-img\"><img decoding=\"async\" width=\"640\" height=\"361\" src=\"https:\/\/upward-coffee.com\/wp-content\/uploads\/2023\/11\/agencia_autos.jpeg\" class=\"attachment-large size-large wp-image-4328\" alt=\"\" \/><\/figure><div class=\"elementor-image-box-content\"><h3 class=\"elementor-image-box-title\">Agencia de Coches y Talleres<\/h3><p class=\"elementor-image-box-description\">Ofrece a tus clientes un excelente caf\u00e9 en lo que su auto les espera<\/p><\/div><\/div>\t\t\t\t<\/div>\n\t\t\t\t<\/div>\n\t\t\t\t\t<\/div>\n\t\t<\/div>\n\t\t\t\t<div class=\"elementor-column elementor-col-25 elementor-top-column elementor-element elementor-element-b01e8d8\" data-id=\"b01e8d8\" data-element_type=\"column\">\n\t\t\t<div class=\"elementor-widget-wrap elementor-element-populated\">\n\t\t\t\t\t\t<div class=\"elementor-element elementor-element-936f799 elementor-position-top elementor-widget elementor-widget-image-box\" data-id=\"936f799\" data-element_type=\"widget\" data-widget_type=\"image-box.default\">\n\t\t\t\t<div class=\"elementor-widget-container\">\n\t\t\t\t\t<div class=\"elementor-image-box-wrapper\"><figure class=\"elementor-image-box-img\"><img decoding=\"async\" width=\"537\" height=\"300\" src=\"https:\/\/upward-coffee.com\/wp-content\/uploads\/2023\/11\/hospital-e1698814971495.webp\" class=\"attachment-large size-large wp-image-4331\" alt=\"\" \/><\/figure><div class=\"elementor-image-box-content\"><h3 class=\"elementor-image-box-title\"> Cl\u00ednicas y hospitales<\/h3><p class=\"elementor-image-box-description\">Haga que la espera de sus pacientes sea m\u00e1s placentera con una rica taza de caf\u00e9 de excelente sabor.<\/p><\/div><\/div>\t\t\t\t<\/div>\n\t\t\t\t<\/div>\n\t\t\t\t\t<\/div>\n\t\t<\/div>\n\t\t\t\t<div class=\"elementor-column elementor-col-25 elementor-top-column elementor-element elementor-element-a980f1c\" data-id=\"a980f1c\" data-element_type=\"column\">\n\t\t\t<div class=\"elementor-widget-wrap elementor-element-populated\">\n\t\t\t\t\t\t<div class=\"elementor-element elementor-element-41aef38 elementor-position-top elementor-widget elementor-widget-image-box\" data-id=\"41aef38\" data-element_type=\"widget\" data-widget_type=\"image-box.default\">\n\t\t\t\t<div class=\"elementor-widget-container\">\n\t\t\t\t\t<div class=\"elementor-image-box-wrapper\"><figure class=\"elementor-image-box-img\"><img loading=\"lazy\" decoding=\"async\" width=\"555\" height=\"313\" src=\"https:\/\/upward-coffee.com\/wp-content\/uploads\/2023\/11\/cAFE-tRABAJANDO-555x313.jpg\" class=\"attachment-medium size-medium wp-image-4333\" alt=\"\" \/><\/figure><div class=\"elementor-image-box-content\"><h3 class=\"elementor-image-box-title\">Oficinas corporativas y coworking<\/h3><p class=\"elementor-image-box-description\">Haz que tus empleados sean felices y productivos ofreci\u00e9ndoles un buen caf\u00e9 para sus jornadas laborales.<\/p><\/div><\/div>\t\t\t\t<\/div>\n\t\t\t\t<\/div>\n\t\t\t\t\t<\/div>\n\t\t<\/div>\n\t\t\t\t<div class=\"elementor-column elementor-col-25 elementor-top-column elementor-element elementor-element-9300431\" data-id=\"9300431\" data-element_type=\"column\">\n\t\t\t<div class=\"elementor-widget-wrap elementor-element-populated\">\n\t\t\t\t\t\t<div class=\"elementor-element elementor-element-e9e23ac elementor-position-top elementor-widget elementor-widget-image-box\" data-id=\"e9e23ac\" data-element_type=\"widget\" data-widget_type=\"image-box.default\">\n\t\t\t\t<div class=\"elementor-widget-container\">\n\t\t\t\t\t<div class=\"elementor-image-box-wrapper\"><figure class=\"elementor-image-box-img\"><img loading=\"lazy\" decoding=\"async\" width=\"297\" height=\"170\" src=\"https:\/\/upward-coffee.com\/wp-content\/uploads\/2023\/11\/cafetera.jpeg\" class=\"attachment-large size-large wp-image-4337\" alt=\"\" \/><\/figure><div class=\"elementor-image-box-content\"><h3 class=\"elementor-image-box-title\">En cualquier negocio es ideal<\/h3><p class=\"elementor-image-box-description\">Ya sea para tus empleados, clientes, invitados o amigos siempre podr\u00e1s ofrecer el mejor caf\u00e9.<\/p><\/div><\/div>\t\t\t\t<\/div>\n\t\t\t\t<\/div>\n\t\t\t\t\t<\/div>\n\t\t<\/div>\n\t\t\t\t\t<\/div>\n\t\t<\/section>\n\t\t\t\t<section class=\"elementor-section elementor-top-section elementor-element elementor-element-7c05d0bb elementor-reverse-mobile elementor-section-boxed elementor-section-gap-beside-yes elementor-section-height-default elementor-section-height-default elementor-section-column-vertical-align-stretch\" data-id=\"7c05d0bb\" data-element_type=\"section\">\n\t\t\t\t\t\t<div class=\"elementor-container elementor-column-gap-extended\">\n\t\t\t\t\t<div class=\"elementor-column elementor-col-50 elementor-top-column elementor-element elementor-element-15c645b\" data-id=\"15c645b\" data-element_type=\"column\">\n\t\t\t<div class=\"elementor-widget-wrap elementor-element-populated\">\n\t\t\t\t\t\t<div class=\"elementor-element elementor-element-af0db0 elementor-invisible elementor-widget elementor-widget-tm-heading\" data-id=\"af0db0\" data-element_type=\"widget\" data-settings=\"{&quot;_animation&quot;:&quot;tmFadeInUp&quot;}\" data-widget_type=\"tm-heading.default\">\n\t\t\t\t<div class=\"elementor-widget-container\">\n\t\t\t\t\t\t\t<div class=\"tm-modern-heading tm-modern-heading--style-01\">\n\t\t\t\t\t<div class=\"heading-secondary-wrap\">\n\t\t\t<h4 class=\"heading-secondary elementor-heading-title\">Caf\u00e9 de verdad \u2013 Eleva tu vitalidad!<\/h4>\t\t<\/div>\n\t\t\n\t\t\t\t\t<div class=\"heading-primary-wrap\">\n\t\t\t<h2 class=\"heading-primary elementor-heading-title\">Beneficios<\/h2>\t\t<\/div>\n\t\t\n\t\t\t\n\t\t\t\t\t<div class=\"heading-description-wrap\">\n\t\t\t<div class=\"heading-description\">\n\t\t\t\t<p>La cafetera cuenta con un contador de tazas, nos apoyamos en ellos para realizar el cobro total del mes seg\u00fan el consumo.<\/p>\t\t\t<\/div>\n\t\t<\/div>\n\t\t\t\t<\/div>\n\t\t\t\t\t\t<\/div>\n\t\t\t\t<\/div>\n\t\t\t\t<div class=\"elementor-element elementor-element-2ac7a283 elementor-invisible elementor-widget elementor-widget-tm-heading\" data-id=\"2ac7a283\" data-element_type=\"widget\" data-settings=\"{&quot;_animation&quot;:&quot;tmFadeInUp&quot;}\" data-widget_type=\"tm-heading.default\">\n\t\t\t\t<div class=\"elementor-widget-container\">\n\t\t\t\t\t\t\t<div class=\"tm-modern-heading tm-modern-heading--style-02\">\n\t\t\t\n\t\t\t\t\t<div class=\"heading-primary-wrap\">\n\t\t\t<h3 class=\"heading-primary elementor-heading-title\">Cafetera Autom\u00e1tica<\/h3>\t\t<\/div>\n\t\t\n\t\t\t\n\t\t\t\t\t<div class=\"heading-description-wrap\">\n\t\t\t<div class=\"heading-description\">\n\t\t\t\t<p>Cafetera italiana moderna y f\u00e1cil de usar que muele el caf\u00e9 al momento y cuenta con dep\u00f3sito de leche.<\/p>\t\t\t<\/div>\n\t\t<\/div>\n\t\t\t\t<\/div>\n\t\t\t\t\t\t<\/div>\n\t\t\t\t<\/div>\n\t\t\t\t<div class=\"elementor-element elementor-element-64762ab elementor-invisible elementor-widget elementor-widget-tm-heading\" data-id=\"64762ab\" data-element_type=\"widget\" data-settings=\"{&quot;_animation&quot;:&quot;tmFadeInUp&quot;}\" data-widget_type=\"tm-heading.default\">\n\t\t\t\t<div class=\"elementor-widget-container\">\n\t\t\t\t\t\t\t<div class=\"tm-modern-heading tm-modern-heading--style-02\">\n\t\t\t\n\t\t\t\t\t<div class=\"heading-primary-wrap\">\n\t\t\t<h3 class=\"heading-primary elementor-heading-title\">Capacitaci\u00f3n<\/h3>\t\t<\/div>\n\t\t\n\t\t\t\n\t\t\t\t\t<div class=\"heading-description-wrap\">\n\t\t\t<div class=\"heading-description\">\n\t\t\t\t<p>Capacitamos al personal para el buen uso de los equipos.<\/p>\t\t\t<\/div>\n\t\t<\/div>\n\t\t\t\t<\/div>\n\t\t\t\t\t\t<\/div>\n\t\t\t\t<\/div>\n\t\t\t\t<div class=\"elementor-element elementor-element-ac15951 elementor-invisible elementor-widget elementor-widget-tm-heading\" data-id=\"ac15951\" data-element_type=\"widget\" data-settings=\"{&quot;_animation&quot;:&quot;tmFadeInUp&quot;}\" data-widget_type=\"tm-heading.default\">\n\t\t\t\t<div class=\"elementor-widget-container\">\n\t\t\t\t\t\t\t<div class=\"tm-modern-heading tm-modern-heading--style-02\">\n\t\t\t\n\t\t\t\t\t<div class=\"heading-primary-wrap\">\n\t\t\t<h3 class=\"heading-primary elementor-heading-title\">Excelente trato<\/h3>\t\t<\/div>\n\t\t\n\t\t\t\n\t\t\t\t\t<div class=\"heading-description-wrap\">\n\t\t\t<div class=\"heading-description\">\n\t\t\t\t<p>No tienes que hacer grandes inversiones, cobramos solo por las tazas consumidas.<\/p>\t\t\t<\/div>\n\t\t<\/div>\n\t\t\t\t<\/div>\n\t\t\t\t\t\t<\/div>\n\t\t\t\t<\/div>\n\t\t\t\t<div class=\"elementor-element elementor-element-6870c475 elementor-invisible elementor-widget elementor-widget-tm-heading\" data-id=\"6870c475\" data-element_type=\"widget\" data-settings=\"{&quot;_animation&quot;:&quot;tmFadeInUp&quot;}\" data-widget_type=\"tm-heading.default\">\n\t\t\t\t<div class=\"elementor-widget-container\">\n\t\t\t\t\t\t\t<div class=\"tm-modern-heading tm-modern-heading--style-02\">\n\t\t\t\n\t\t\t\t\t<div class=\"heading-primary-wrap\">\n\t\t\t<h3 class=\"heading-primary elementor-heading-title\">Caf\u00e9 de alta calidad<\/h3>\t\t<\/div>\n\t\t\n\t\t\t\n\t\t\t\t\t<div class=\"heading-description-wrap\">\n\t\t\t<div class=\"heading-description\">\n\t\t\t\t<p>Excelentes granos de caf\u00e9 suficientes para todo el mes de consumo.<\/p>\t\t\t<\/div>\n\t\t<\/div>\n\t\t\t\t<\/div>\n\t\t\t\t\t\t<\/div>\n\t\t\t\t<\/div>\n\t\t\t\t\t<\/div>\n\t\t<\/div>\n\t\t\t\t<div class=\"elementor-column elementor-col-50 elementor-top-column elementor-element elementor-element-21f2b6e9\" data-id=\"21f2b6e9\" data-element_type=\"column\">\n\t\t\t<div class=\"elementor-widget-wrap elementor-element-populated\">\n\t\t\t\t\t\t<div class=\"elementor-element elementor-element-7191fdf2 elementor-invisible elementor-widget elementor-widget-image\" data-id=\"7191fdf2\" data-element_type=\"widget\" data-settings=\"{&quot;_animation&quot;:&quot;tmFadeInUp&quot;}\" data-widget_type=\"image.default\">\n\t\t\t\t<div class=\"elementor-widget-container\">\n\t\t\t\t\t\t\t\t\t\t\t\t\t\t\t<img loading=\"lazy\" decoding=\"async\" width=\"470\" height=\"690\" src=\"https:\/\/upward-coffee.com\/wp-content\/uploads\/2023\/11\/cafetera2.jpg\" class=\"attachment-full size-full wp-image-4347\" alt=\"\" \/>\t\t\t\t\t\t\t\t\t\t\t\t\t\t\t<\/div>\n\t\t\t\t<\/div>\n\t\t\t\t<div class=\"elementor-element elementor-element-447d4478 elementor-widget__width-auto elementor-absolute elementor-invisible elementor-widget elementor-widget-image\" data-id=\"447d4478\" data-element_type=\"widget\" data-settings=\"{&quot;_animation&quot;:&quot;tmFadeInUp&quot;,&quot;_position&quot;:&quot;absolute&quot;}\" data-widget_type=\"image.default\">\n\t\t\t\t<div class=\"elementor-widget-container\">\n\t\t\t\t\t\t\t\t\t\t\t\t\t\t\t<img loading=\"lazy\" decoding=\"async\" width=\"300\" height=\"217\" src=\"https:\/\/upward-coffee.com\/wp-content\/uploads\/2023\/11\/la-superautomatica-a300-pequena-.webp\" class=\"attachment-full size-full wp-image-4348\" alt=\"\" \/>\t\t\t\t\t\t\t\t\t\t\t\t\t\t\t<\/div>\n\t\t\t\t<\/div>\n\t\t\t\t\t<\/div>\n\t\t<\/div>\n\t\t\t\t\t<\/div>\n\t\t<\/section>\n\t\t\t\t<section class=\"elementor-section elementor-top-section elementor-element elementor-element-797a4125 elementor-section-boxed elementor-section-gap-beside-yes elementor-section-height-default elementor-section-height-default elementor-section-column-vertical-align-stretch\" data-id=\"797a4125\" data-element_type=\"section\">\n\t\t\t\t\t\t<div class=\"elementor-container elementor-column-gap-extended\">\n\t\t\t\t\t<div class=\"elementor-column elementor-col-100 elementor-top-column elementor-element elementor-element-6ee6d74a\" data-id=\"6ee6d74a\" data-element_type=\"column\">\n\t\t\t<div class=\"elementor-widget-wrap elementor-element-populated\">\n\t\t\t\t\t\t<div class=\"elementor-element elementor-element-796eb7f3 ecomm-animation-zoom-in elementor-invisible elementor-widget elementor-widget-tm-banner\" data-id=\"796eb7f3\" data-element_type=\"widget\" data-settings=\"{&quot;_animation&quot;:&quot;tmFadeInUp&quot;}\" data-widget_type=\"tm-banner.default\">\n\t\t\t\t<div class=\"elementor-widget-container\">\n\t\t\t\t\t\t\t<a class=\"ecomm-banner ecomm-box link-secret\" href=\"https:\/\/upward-coffee.com\/contact-us\/\">\t\t<div class=\"ecomm-image\">\n\t\t\t<div class=\"image\"><\/div>\n\t\t<\/div>\n\t\t<div class=\"content-wrap\">\n\t\t\t<div class=\"content-wrap__inner\">\n\t\t\t\t\t\t\t\t<h2 class=\"title\">Concentrese en su negocio, nosotros nos encargamos del cafe.\n<\/h2>\t\t\t<\/div>\n\t\t\t\t\t<div class=\"tm-button-wrapper\">\n\t\t\t<div class=\"tm-button style-text tm-button-nm icon-right\">\t\t\t<div class=\"tm-button__border\"><\/div>\n\t\t\t<div class=\"button-content-wrapper\">\n\t\t\t\t\n\t\t\t\t\t\t\t\t\t<span class=\"button-text\">Cont\u00e1ctanos<\/span>\n\n\t\t\t\t\t\t\t\t\t\n\t\t\t\t\t\t\t\t\t<span class=\"button-icon ecomm-solid-icon ecomm-svg-icon svg-icon\">\n\t\t\t\t\t\t\t<svg xmlns=\"http:\/\/www.w3.org\/2000\/svg\" width=\"16\" height=\"16\" viewbox=\"0 0 16 16\" fill=\"none\"><path d=\"M2.5 8H13.5\" stroke=\"#3D6642\" stroke-width=\"1.5\" stroke-linecap=\"round\" stroke-linejoin=\"round\"><\/path><path d=\"M9 3.5L13.5 8L9 12.5\" stroke=\"#3D6642\" stroke-width=\"1.5\" stroke-linecap=\"round\" stroke-linejoin=\"round\"><\/path><\/svg>\t\t\t\t\t\t<\/span>\n\t\t\t\t\t\t\t<\/div>\n\t\t\t<\/div>\t\t<\/div>\n\t\t\t\t<\/div>\n\t\t\t\t<\/a>\t\t\t\t\t\t<\/div>\n\t\t\t\t<\/div>\n\t\t\t\t\t<\/div>\n\t\t<\/div>\n\t\t\t\t\t<\/div>\n\t\t<\/section>\n\t\t\t\t<\/div>","protected":false},"excerpt":{"rendered":"<p>\u00a1Mezcla de caf\u00e9 premium, mejora la productividad! Caf\u00e9 de verdad \u2013 Eleva tu Vitalidad! Servicio de CafE para tu negocio Instalamos una cafetera en su negocio y le proporcionamos caf\u00e9 molido. Se programa seg\u00fan las necesidades de su empresa y el gusto de quienes consumen caf\u00e9. La cafetera es prestada, es decir, es nuestra, pero est\u00e1 en su oficina para poder brindarle nuestro servicio, por lo que no tiene que invertir en ella. Agencia de Coches y Talleres Ofrece a tus clientes un excelente caf\u00e9 en lo que su auto les espera Cl\u00ednicas y hospitales Haga que la espera de sus pacientes sea m\u00e1s placentera con una rica taza de caf\u00e9 de excelente sabor. Oficinas corporativas y coworking Haz que tus empleados sean felices y productivos ofreci\u00e9ndoles un buen caf\u00e9 para sus jornadas laborales. En cualquier negocio es ideal Ya sea para tus empleados, clientes, invitados o amigos siempre podr\u00e1s ofrecer el mejor caf\u00e9. Caf\u00e9 de verdad \u2013 Eleva tu vitalidad! Beneficios La cafetera cuenta con un contador de tazas, nos apoyamos en ellos para realizar el cobro total del mes seg\u00fan el consumo. Cafetera Autom\u00e1tica Cafetera italiana moderna y f\u00e1cil de usar que muele el caf\u00e9 al momento y cuenta con dep\u00f3sito de leche. Capacitaci\u00f3n Capacitamos al personal para el buen uso de los equipos. Excelente trato No tienes que hacer grandes inversiones, cobramos solo por las tazas consumidas. Caf\u00e9 de alta calidad Excelentes granos de caf\u00e9 suficientes para todo el mes de consumo. Concentrese en su negocio, nosotros nos encargamos del cafe. Cont\u00e1ctanos<\/p>","protected":false},"author":1,"featured_media":0,"parent":0,"menu_order":0,"comment_status":"closed","ping_status":"closed","template":"","meta":{"footnotes":""},"class_list":["post-5010","page","type-page","status-publish","hentry","post-no-thumbnail"],"_links":{"self":[{"href":"https:\/\/upward-coffee.com\/en\/wp-json\/wp\/v2\/pages\/5010","targetHints":{"allow":["GET"]}}],"collection":[{"href":"https:\/\/upward-coffee.com\/en\/wp-json\/wp\/v2\/pages"}],"about":[{"href":"https:\/\/upward-coffee.com\/en\/wp-json\/wp\/v2\/types\/page"}],"author":[{"embeddable":true,"href":"https:\/\/upward-coffee.com\/en\/wp-json\/wp\/v2\/users\/1"}],"replies":[{"embeddable":true,"href":"https:\/\/upward-coffee.com\/en\/wp-json\/wp\/v2\/comments?post=5010"}],"version-history":[{"count":17,"href":"https:\/\/upward-coffee.com\/en\/wp-json\/wp\/v2\/pages\/5010\/revisions"}],"predecessor-version":[{"id":5270,"href":"https:\/\/upward-coffee.com\/en\/wp-json\/wp\/v2\/pages\/5010\/revisions\/5270"}],"wp:attachment":[{"href":"https:\/\/upward-coffee.com\/en\/wp-json\/wp\/v2\/media?parent=5010"}],"curies":[{"name":"wp","href":"https:\/\/api.w.org\/{rel}","templated":true}]}}